{"id":10,"date":"2025-11-19T07:09:08","date_gmt":"2025-11-19T12:09:08","guid":{"rendered":"http:\/\/www.nuna.pe\/?page_id=10"},"modified":"2026-04-17T12:35:07","modified_gmt":"2026-04-17T17:35:07","slug":"inicio","status":"publish","type":"page","link":"https:\/\/www.nuna.pe\/","title":{"rendered":"Inicio"},"content":{"rendered":"\n<div class=\"wp-block-cover alignfull has-accent-1-color has-text-color has-link-color wp-elements-9c9afa54f6e79332bf5d063797df7ada\" style=\"margin-top:0;margin-bottom:0;padding-top:200px;padding-right:var(--wp--preset--spacing--50);padding-bottom:200px;padding-left:var(--wp--preset--spacing--50);min-height:100vh;aspect-ratio:unset;\"><img loading=\"lazy\" decoding=\"async\" width=\"1024\" height=\"683\" class=\"wp-block-cover__image-background wp-image-609 size-large\" alt=\"\" src=\"https:\/\/www.nuna.pe\/wp-content\/uploads\/2026\/04\/WhatsApp-Image-2026-04-17-at-12.15.03-PM-1024x683.jpeg\" data-object-fit=\"cover\" srcset=\"https:\/\/www.nuna.pe\/wp-content\/uploads\/2026\/04\/WhatsApp-Image-2026-04-17-at-12.15.03-PM-1024x683.jpeg 1024w, https:\/\/www.nuna.pe\/wp-content\/uploads\/2026\/04\/WhatsApp-Image-2026-04-17-at-12.15.03-PM-300x200.jpeg 300w, https:\/\/www.nuna.pe\/wp-content\/uploads\/2026\/04\/WhatsApp-Image-2026-04-17-at-12.15.03-PM-768x512.jpeg 768w, https:\/\/www.nuna.pe\/wp-content\/uploads\/2026\/04\/WhatsApp-Image-2026-04-17-at-12.15.03-PM.jpeg 1536w\" sizes=\"auto, (max-width: 1024px) 100vw, 1024px\" \/><span aria-hidden=\"true\" class=\"wp-block-cover__background has-background-dim-10 has-background-dim\" style=\"background-color:#8b7163\"><\/span><div class=\"wp-block-cover__inner-container has-global-padding is-layout-constrained wp-container-core-cover-is-layout-91cdb9a0 wp-block-cover-is-layout-constrained\">\n<h3 class=\"wp-block-heading has-text-align-center has-base-color has-text-color has-link-color has-xx-large-font-size wp-elements-a97d4da576d18966e96cf8dddfb36473\"><strong>Alimentos frescos y naturales todos los d\u00edas<\/strong><\/h3>\n\n\n\n<div class=\"wp-block-buttons is-content-justification-center is-layout-flex wp-container-core-buttons-is-layout-68259cb6 wp-block-buttons-is-layout-flex\" style=\"margin-top:var(--wp--preset--spacing--60);margin-bottom:var(--wp--preset--spacing--60)\">\n<div class=\"wp-block-button is-style-fill\"><a class=\"wp-block-button__link has-base-color has-text-color has-background has-link-color has-border-color wp-element-button\" href=\"https:\/\/www.nuna.pe\/?page_id=15\" style=\"border-color:#FFEE58;border-radius:14px;background-color:#68d752\">CONTACTANOS<\/a><\/div>\n<\/div>\n<\/div><\/div>\n\n\n\n<div class=\"wp-block-group alignfull has-accent-5-background-color has-background has-global-padding is-layout-constrained wp-container-core-group-is-layout-d89aad35 wp-block-group-is-layout-constrained\" style=\"margin-top:0;margin-bottom:0;padding-top:var(--wp--preset--spacing--50);padding-right:var(--wp--preset--spacing--50);padding-bottom:var(--wp--preset--spacing--50);padding-left:var(--wp--preset--spacing--50)\">\n<div class=\"wp-block-columns alignwide are-vertically-aligned-center is-layout-flex wp-container-core-columns-is-layout-47c06fe3 wp-block-columns-is-layout-flex\">\n<div class=\"wp-block-column is-vertically-aligned-center is-layout-flow wp-container-core-column-is-layout-119bc444 wp-block-column-is-layout-flow\">\n<h2 class=\"wp-block-heading\"><em>Transformamos la forma en que las personas se alimentan cada d\u00eda, ofreciendo una experiencia de alta calidad, accesible, saludable y moderna.<\/em><\/h2>\n\n\n\n<p>Llevamos alimentos frescos y nutritivos, preparados diariamente, promoviendo h\u00e1bitos que impulsan la energ\u00eda, la productividad y el equilibrio diario. Trabajamos para que elegir lo mas delicioso y saludable sea tan f\u00e1cil como presionar un bot\u00f3n.<\/p>\n<\/div>\n\n\n\n<div class=\"wp-block-column is-vertically-aligned-center is-style-section-1 is-layout-flow wp-block-column-is-layout-flow is-style-section-1--1\" style=\"flex-basis:56%\">\n<figure class=\"wp-block-image aligncenter size-full\"><img loading=\"lazy\" decoding=\"async\" width=\"800\" height=\"533\" src=\"http:\/\/www.nuna.pe\/wp-content\/uploads\/2025\/11\/CANTALOUPE-TURBOAIR-HOTEL-110.webp\" alt=\"\" class=\"wp-image-51\" style=\"aspect-ratio:1;object-fit:cover\" srcset=\"https:\/\/www.nuna.pe\/wp-content\/uploads\/2025\/11\/CANTALOUPE-TURBOAIR-HOTEL-110.webp 800w, https:\/\/www.nuna.pe\/wp-content\/uploads\/2025\/11\/CANTALOUPE-TURBOAIR-HOTEL-110-300x200.webp 300w, https:\/\/www.nuna.pe\/wp-content\/uploads\/2025\/11\/CANTALOUPE-TURBOAIR-HOTEL-110-768x512.webp 768w\" sizes=\"auto, (max-width: 800px) 100vw, 800px\" \/><\/figure>\n<\/div>\n<\/div>\n<\/div>\n\n\n\n<div class=\"wp-block-group alignfull has-background has-global-padding is-content-justification-left is-layout-constrained wp-container-core-group-is-layout-0f5da07d wp-block-group-is-layout-constrained\" style=\"background-color:#f3f3ec;min-height:0px;margin-top:0;margin-bottom:0;padding-top:var(--wp--preset--spacing--50);padding-right:var(--wp--preset--spacing--50);padding-bottom:var(--wp--preset--spacing--50);padding-left:var(--wp--preset--spacing--50)\">\n<h2 class=\"wp-block-heading alignwide has-text-align-center\" style=\"margin-top:0;margin-bottom:0\"><em>Platos preparados diariamente por nuestros<\/em><\/h2>\n\n\n\n<h2 class=\"wp-block-heading alignwide has-text-align-center\" style=\"margin-top:var(--wp--preset--spacing--20);margin-right:0;margin-bottom:var(--wp--preset--spacing--20);margin-left:0\"><em>experimentados cocineros<\/em><\/h2>\n\n\n\n<div class=\"wp-block-columns alignwide is-layout-flex wp-container-core-columns-is-layout-28f84493 wp-block-columns-is-layout-flex\">\n<div class=\"wp-block-column is-layout-flow wp-block-column-is-layout-flow\">\n<figure class=\"wp-block-image size-full\" style=\"margin-bottom:24px\"><img loading=\"lazy\" decoding=\"async\" width=\"2048\" height=\"2048\" src=\"https:\/\/www.nuna.pe\/wp-content\/uploads\/2026\/04\/MG_5770-copia.png\" alt=\"\" class=\"wp-image-594\" style=\"aspect-ratio:4\/3;object-fit:cover\" srcset=\"https:\/\/www.nuna.pe\/wp-content\/uploads\/2026\/04\/MG_5770-copia.png 2048w, https:\/\/www.nuna.pe\/wp-content\/uploads\/2026\/04\/MG_5770-copia-300x300.png 300w, https:\/\/www.nuna.pe\/wp-content\/uploads\/2026\/04\/MG_5770-copia-1024x1024.png 1024w, https:\/\/www.nuna.pe\/wp-content\/uploads\/2026\/04\/MG_5770-copia-150x150.png 150w, https:\/\/www.nuna.pe\/wp-content\/uploads\/2026\/04\/MG_5770-copia-768x768.png 768w, https:\/\/www.nuna.pe\/wp-content\/uploads\/2026\/04\/MG_5770-copia-1536x1536.png 1536w\" sizes=\"auto, (max-width: 2048px) 100vw, 2048px\" \/><\/figure>\n\n\n\n<h3 class=\"wp-block-heading has-text-align-center\">Fusilli Lime\u00f1o<\/h3>\n<\/div>\n\n\n\n<div class=\"wp-block-column is-layout-flow wp-block-column-is-layout-flow\">\n<figure class=\"wp-block-image size-full\" style=\"margin-bottom:24px\"><img loading=\"lazy\" decoding=\"async\" width=\"2048\" height=\"2048\" src=\"https:\/\/www.nuna.pe\/wp-content\/uploads\/2026\/04\/MG_5784-copia.png\" alt=\"\" class=\"wp-image-596\" style=\"aspect-ratio:4\/3;object-fit:cover\" srcset=\"https:\/\/www.nuna.pe\/wp-content\/uploads\/2026\/04\/MG_5784-copia.png 2048w, https:\/\/www.nuna.pe\/wp-content\/uploads\/2026\/04\/MG_5784-copia-300x300.png 300w, https:\/\/www.nuna.pe\/wp-content\/uploads\/2026\/04\/MG_5784-copia-1024x1024.png 1024w, https:\/\/www.nuna.pe\/wp-content\/uploads\/2026\/04\/MG_5784-copia-150x150.png 150w, https:\/\/www.nuna.pe\/wp-content\/uploads\/2026\/04\/MG_5784-copia-768x768.png 768w, https:\/\/www.nuna.pe\/wp-content\/uploads\/2026\/04\/MG_5784-copia-1536x1536.png 1536w\" sizes=\"auto, (max-width: 2048px) 100vw, 2048px\" \/><\/figure>\n\n\n\n<h3 class=\"wp-block-heading has-text-align-center\">BBQ Brabaza<\/h3>\n<\/div>\n\n\n\n<div class=\"wp-block-column is-layout-flow wp-block-column-is-layout-flow\">\n<figure class=\"wp-block-image size-full\" style=\"margin-bottom:24px\"><img loading=\"lazy\" decoding=\"async\" width=\"2047\" height=\"2048\" src=\"https:\/\/www.nuna.pe\/wp-content\/uploads\/2026\/04\/MG_5942-copia.png\" alt=\"\" class=\"wp-image-597\" style=\"aspect-ratio:4\/3;object-fit:cover\" srcset=\"https:\/\/www.nuna.pe\/wp-content\/uploads\/2026\/04\/MG_5942-copia.png 2047w, https:\/\/www.nuna.pe\/wp-content\/uploads\/2026\/04\/MG_5942-copia-300x300.png 300w, https:\/\/www.nuna.pe\/wp-content\/uploads\/2026\/04\/MG_5942-copia-1024x1024.png 1024w, https:\/\/www.nuna.pe\/wp-content\/uploads\/2026\/04\/MG_5942-copia-150x150.png 150w, https:\/\/www.nuna.pe\/wp-content\/uploads\/2026\/04\/MG_5942-copia-768x768.png 768w, https:\/\/www.nuna.pe\/wp-content\/uploads\/2026\/04\/MG_5942-copia-1536x1536.png 1536w\" sizes=\"auto, (max-width: 2047px) 100vw, 2047px\" \/><\/figure>\n\n\n\n<h3 class=\"wp-block-heading has-text-align-center\">Pollo Crispy Andino<\/h3>\n<\/div>\n<\/div>\n\n\n\n<div class=\"wp-block-buttons alignwide is-content-justification-center is-layout-flex wp-container-core-buttons-is-layout-b5994976 wp-block-buttons-is-layout-flex\">\n<div class=\"wp-block-button\"><a class=\"wp-block-button__link has-background has-large-font-size has-custom-font-size wp-element-button\" href=\"https:\/\/www.nuna.pe\/?page_id=12\" style=\"border-radius:14px;background-color:#61a156\"><strong>CARTA<\/strong><\/a><\/div>\n<\/div>\n<\/div>\n\n\n\n<div class=\"wp-block-columns alignfull is-layout-flex wp-container-core-columns-is-layout-f0342b05 wp-block-columns-is-layout-flex\" style=\"margin-top:0;margin-bottom:0\">\n<div class=\"wp-block-column is-layout-flow wp-block-column-is-layout-flow\">\n<h2 class=\"wp-block-heading has-text-align-center is-style-default has-background has-x-large-font-size\" style=\"background-color:#fbfaf3;margin-top:0;margin-bottom:0\"><em>Como es nuestro proceso<\/em><\/h2>\n<\/div>\n<\/div>\n\n\n\n<div class=\"wp-block-columns alignfull has-background is-layout-flex wp-container-core-columns-is-layout-0d63cce4 wp-block-columns-is-layout-flex\" style=\"background-color:#fbfaf3;margin-top:0;margin-bottom:0;padding-top:var(--wp--preset--spacing--40);padding-right:var(--wp--preset--spacing--50);padding-bottom:var(--wp--preset--spacing--40);padding-left:var(--wp--preset--spacing--50)\">\n<div class=\"wp-block-column is-vertically-aligned-center is-style-default is-layout-flow wp-container-core-column-is-layout-8a368f38 wp-block-column-is-layout-flow\">\n<p class=\"has-text-align-center\">Ingredientes naturales<\/p>\n<\/div>\n\n\n\n<div class=\"wp-block-column is-layout-flow wp-block-column-is-layout-flow\">\n<figure class=\"wp-block-image size-large\"><img loading=\"lazy\" decoding=\"async\" width=\"1024\" height=\"683\" src=\"http:\/\/www.nuna.pe\/wp-content\/uploads\/2025\/11\/cerca-de-la-caja-con-verduras-maduras-2-1024x683.jpg\" alt=\"\" class=\"wp-image-480\" srcset=\"https:\/\/www.nuna.pe\/wp-content\/uploads\/2025\/11\/cerca-de-la-caja-con-verduras-maduras-2-1024x683.jpg 1024w, https:\/\/www.nuna.pe\/wp-content\/uploads\/2025\/11\/cerca-de-la-caja-con-verduras-maduras-2-300x200.jpg 300w, https:\/\/www.nuna.pe\/wp-content\/uploads\/2025\/11\/cerca-de-la-caja-con-verduras-maduras-2-768x512.jpg 768w, https:\/\/www.nuna.pe\/wp-content\/uploads\/2025\/11\/cerca-de-la-caja-con-verduras-maduras-2-1536x1024.jpg 1536w, https:\/\/www.nuna.pe\/wp-content\/uploads\/2025\/11\/cerca-de-la-caja-con-verduras-maduras-2-2048x1366.jpg 2048w\" sizes=\"auto, (max-width: 1024px) 100vw, 1024px\" \/><\/figure>\n<\/div>\n\n\n\n<div class=\"wp-block-column is-vertically-aligned-center is-layout-flow wp-block-column-is-layout-flow\">\n<p class=\"has-text-align-center\">Preparaci\u00f3n diaria<\/p>\n<\/div>\n\n\n\n<div class=\"wp-block-column is-layout-flow wp-block-column-is-layout-flow\">\n<figure class=\"wp-block-image size-large\"><img loading=\"lazy\" decoding=\"async\" width=\"1024\" height=\"683\" src=\"http:\/\/www.nuna.pe\/wp-content\/uploads\/2025\/11\/mujer-cocinando-comida-sana-1-1024x683.jpg\" alt=\"\" class=\"wp-image-484\" srcset=\"https:\/\/www.nuna.pe\/wp-content\/uploads\/2025\/11\/mujer-cocinando-comida-sana-1-1024x683.jpg 1024w, https:\/\/www.nuna.pe\/wp-content\/uploads\/2025\/11\/mujer-cocinando-comida-sana-1-300x200.jpg 300w, https:\/\/www.nuna.pe\/wp-content\/uploads\/2025\/11\/mujer-cocinando-comida-sana-1-768x512.jpg 768w, https:\/\/www.nuna.pe\/wp-content\/uploads\/2025\/11\/mujer-cocinando-comida-sana-1-1536x1024.jpg 1536w, https:\/\/www.nuna.pe\/wp-content\/uploads\/2025\/11\/mujer-cocinando-comida-sana-1-2048x1365.jpg 2048w\" sizes=\"auto, (max-width: 1024px) 100vw, 1024px\" \/><\/figure>\n<\/div>\n\n\n\n<div class=\"wp-block-column is-vertically-aligned-center is-layout-flow wp-block-column-is-layout-flow\">\n<p class=\"has-text-align-center\">Disponible las 24 horas<\/p>\n<\/div>\n\n\n\n<div class=\"wp-block-column is-layout-flow wp-block-column-is-layout-flow\">\n<figure class=\"wp-block-image size-full\"><img loading=\"lazy\" decoding=\"async\" width=\"275\" height=\"183\" src=\"http:\/\/www.nuna.pe\/wp-content\/uploads\/2025\/11\/images.jpg\" alt=\"\" class=\"wp-image-485\"\/><\/figure>\n<\/div>\n<\/div>\n\n\n\n<div class=\"wp-block-buttons alignfull has-background is-content-justification-center is-layout-flex wp-container-core-buttons-is-layout-d6622ecc wp-block-buttons-is-layout-flex\" style=\"background-color:#fbfaf3;margin-top:0;margin-bottom:0;padding-top:var(--wp--preset--spacing--50);padding-right:0;padding-bottom:var(--wp--preset--spacing--50);padding-left:0\">\n<div class=\"wp-block-button\"><a class=\"wp-block-button__link has-background wp-element-button\" href=\"https:\/\/www.nuna.pe\/?page_id=13\" style=\"background-color:#68d752\">NOSOTROS<\/a><\/div>\n<\/div>\n\n\n\n<div class=\"wp-block-group alignfull is-style-default has-background has-global-padding is-content-justification-center is-layout-constrained wp-container-core-group-is-layout-733701de wp-block-group-is-layout-constrained\" style=\"background-color:#f3f3ec;margin-top:0;margin-bottom:0;padding-top:var(--wp--preset--spacing--50);padding-right:var(--wp--preset--spacing--50);padding-bottom:var(--wp--preset--spacing--50);padding-left:var(--wp--preset--spacing--50)\">\n<div class=\"wp-block-columns alignwide are-vertically-aligned-center is-layout-flex wp-container-core-columns-is-layout-6e8ad042 wp-block-columns-is-layout-flex\" style=\"margin-top:var(--wp--preset--spacing--20);margin-bottom:var(--wp--preset--spacing--20);padding-top:0;padding-right:var(--wp--preset--spacing--30);padding-bottom:0;padding-left:var(--wp--preset--spacing--30)\">\n<div class=\"wp-block-column is-vertically-aligned-center is-style-section-1 has-background is-layout-flow wp-block-column-is-layout-flow is-style-section-1--2\" style=\"background-color:#f3f3ec;flex-basis:56%\">\n<figure class=\"wp-block-image aligncenter size-full is-resized\"><img decoding=\"async\" src=\"http:\/\/www.nuna.pe\/wp-content\/uploads\/2025\/11\/el-buffet-de-pav-bhaji-fresco.jpg\" alt=\"\" class=\"wp-image-62\" style=\"object-fit:contain;width:336px;height:auto\"\/><\/figure>\n<\/div>\n\n\n\n<div class=\"wp-block-column is-vertically-aligned-center is-layout-flow wp-container-core-column-is-layout-119bc444 wp-block-column-is-layout-flow\">\n<p class=\"has-x-large-font-size\"><strong><em>NUNA tambi\u00e9n llega a ti<\/em><\/strong><\/p>\n\n\n\n<p>Solicita nuestro servicio de catering corporativo y ofrece a tu equipo alimentos de alta calidad, frescos, saludables y listos para disfrutar.<\/p>\n<\/div>\n<\/div>\n\n\n\n<div class=\"wp-block-buttons is-content-justification-center is-layout-flex wp-container-core-buttons-is-layout-a89b3969 wp-block-buttons-is-layout-flex\">\n<div class=\"wp-block-button\"><a class=\"wp-block-button__link has-background wp-element-button\" href=\"https:\/\/www.nuna.pe\/?page_id=14\" style=\"border-radius:14px;background-color:#68d752\">CATERING<\/a><\/div>\n<\/div>\n<\/div>\n\n\n\n<div class=\"wp-block-group alignfull has-background has-global-padding is-layout-constrained wp-container-core-group-is-layout-82e4aa9c wp-block-group-is-layout-constrained\" style=\"background-color:#fbfaf3;min-height:0vh;margin-top:0;margin-bottom:0;padding-top:var(--wp--preset--spacing--50);padding-right:var(--wp--preset--spacing--40);padding-bottom:var(--wp--preset--spacing--50);padding-left:var(--wp--preset--spacing--40)\">\n<div class=\"wp-block-group has-global-padding is-layout-constrained wp-container-core-group-is-layout-621b1ee4 wp-block-group-is-layout-constrained\">\n<h5 class=\"wp-block-heading has-text-align-center\" style=\"margin-right:0;margin-left:0;padding-right:0;padding-left:0;font-size:clamp(1.146rem, 1.146rem + ((1vw - 0.2rem) * 1.026), 1.8rem);\">Lleva bienestar a tu espacio<br><\/h5>\n\n\n\n<p class=\"has-text-align-center\" style=\"font-size:clamp(1.502rem, 1.502rem + ((1vw - 0.2rem) * 1.565), 2.5rem);\"><strong><em>Instala una m\u00e1quina NUNA y transforma cada pausa en frescura y energ\u00eda<\/em><\/strong><\/p>\n\n\n\n<div class=\"wp-block-buttons is-horizontal is-content-justification-center is-layout-flex wp-container-core-buttons-is-layout-9ce7962a wp-block-buttons-is-layout-flex\" style=\"padding-top:var(--wp--preset--spacing--30);padding-bottom:var(--wp--preset--spacing--30)\">\n<div class=\"wp-block-button\"><a class=\"wp-block-button__link has-background wp-element-button\" href=\"https:\/\/www.nuna.pe\/?page_id=15\" style=\"border-radius:14px;background-color:#68d752\">CONTACTANOS<\/a><\/div>\n<\/div>\n<\/div>\n<\/div>\n","protected":false},"excerpt":{"rendered":"<p>Transformamos la forma en que las personas se alimentan cada d\u00eda, ofreciendo una experiencia de alta calidad, accesible, saludable y moderna. Llevamos alimentos frescos y nutritivos, preparados diariamente, promoviendo h\u00e1bitos que impulsan la energ\u00eda, la productividad y el equilibrio diario. Trabajamos para que elegir lo mas delicioso y saludable sea tan f\u00e1cil como presionar un [&hellip;]<\/p>\n","protected":false},"author":1,"featured_media":0,"parent":0,"menu_order":0,"comment_status":"closed","ping_status":"closed","template":"","meta":{"_joinchat":[],"footnotes":""},"class_list":["post-10","page","type-page","status-publish","hentry"],"_links":{"self":[{"href":"https:\/\/www.nuna.pe\/index.php?rest_route=\/wp\/v2\/pages\/10","targetHints":{"allow":["GET"]}}],"collection":[{"href":"https:\/\/www.nuna.pe\/index.php?rest_route=\/wp\/v2\/pages"}],"about":[{"href":"https:\/\/www.nuna.pe\/index.php?rest_route=\/wp\/v2\/types\/page"}],"author":[{"embeddable":true,"href":"https:\/\/www.nuna.pe\/index.php?rest_route=\/wp\/v2\/users\/1"}],"replies":[{"embeddable":true,"href":"https:\/\/www.nuna.pe\/index.php?rest_route=%2Fwp%2Fv2%2Fcomments&post=10"}],"version-history":[{"count":142,"href":"https:\/\/www.nuna.pe\/index.php?rest_route=\/wp\/v2\/pages\/10\/revisions"}],"predecessor-version":[{"id":610,"href":"https:\/\/www.nuna.pe\/index.php?rest_route=\/wp\/v2\/pages\/10\/revisions\/610"}],"wp:attachment":[{"href":"https:\/\/www.nuna.pe\/index.php?rest_route=%2Fwp%2Fv2%2Fmedia&parent=10"}],"curies":[{"name":"wp","href":"https:\/\/api.w.org\/{rel}","templated":true}]}}