{"id":12,"date":"2025-11-21T09:51:27","date_gmt":"2025-11-21T14:51:27","guid":{"rendered":"http:\/\/www.nuna.pe\/?page_id=12"},"modified":"2026-04-17T12:32:03","modified_gmt":"2026-04-17T17:32:03","slug":"carta","status":"publish","type":"page","link":"https:\/\/www.nuna.pe\/?page_id=12","title":{"rendered":"Carta"},"content":{"rendered":"\n<h1 class=\"wp-block-heading alignfull has-text-align-center has-background\" style=\"background-color:#f3f3ec;margin-top:0;margin-bottom:0\">Carta<\/h1>\n\n\n\n<div class=\"wp-block-columns alignwide are-vertically-aligned-center has-background is-layout-flex wp-container-core-columns-is-layout-c91d61c7 wp-block-columns-is-layout-flex\" style=\"background-color:#f3f3ec;margin-top:0;margin-bottom:0;padding-right:var(--wp--preset--spacing--20);padding-bottom:var(--wp--preset--spacing--30);padding-left:var(--wp--preset--spacing--70)\">\n<div class=\"wp-block-column is-vertically-aligned-center is-layout-flow wp-block-column-is-layout-flow\">\n<div class=\"wp-block-buttons is-layout-flex wp-block-buttons-is-layout-flex\" style=\"border-radius:0px\">\n<div class=\"wp-block-button\"><a class=\"wp-block-button__link has-base-color has-text-color has-background has-link-color wp-element-button\" style=\"border-style:none;border-width:0px;background-color:#47be47\"><strong>Recomendados<\/strong><\/a><\/div>\n<\/div>\n<\/div>\n\n\n\n<div class=\"wp-block-column is-vertically-aligned-center is-layout-flow wp-block-column-is-layout-flow\">\n<div class=\"wp-block-buttons is-layout-flex wp-block-buttons-is-layout-flex\">\n<div class=\"wp-block-button\"><a class=\"wp-block-button__link has-base-color has-text-color has-background has-link-color wp-element-button\" style=\"border-style:none;border-width:0px;background-color:#47be47\">Ensaladas<\/a><\/div>\n<\/div>\n<\/div>\n\n\n\n<div class=\"wp-block-column is-vertically-aligned-center is-layout-flow wp-block-column-is-layout-flow\">\n<div class=\"wp-block-buttons is-layout-flex wp-block-buttons-is-layout-flex\">\n<div class=\"wp-block-button\"><a class=\"wp-block-button__link has-base-color has-text-color has-background has-link-color wp-element-button\" style=\"border-style:none;border-width:0px;background-color:#47be47\">Sandwich<\/a><\/div>\n<\/div>\n<\/div>\n\n\n\n<div class=\"wp-block-column is-vertically-aligned-center is-layout-flow wp-block-column-is-layout-flow\">\n<div class=\"wp-block-buttons is-layout-flex wp-block-buttons-is-layout-flex\">\n<div class=\"wp-block-button\"><a class=\"wp-block-button__link has-base-color has-text-color has-background has-link-color wp-element-button\" style=\"border-style:none;border-width:0px;background-color:#47be47\">Postres<\/a><\/div>\n<\/div>\n<\/div>\n\n\n\n<div class=\"wp-block-column is-vertically-aligned-center is-layout-flow wp-block-column-is-layout-flow\">\n<div class=\"wp-block-buttons is-layout-flex wp-block-buttons-is-layout-flex\">\n<div class=\"wp-block-button\"><a class=\"wp-block-button__link has-base-color has-text-color has-background has-link-color wp-element-button\" style=\"border-style:none;border-width:0px;background-color:#47be47\">Bebidas<\/a><\/div>\n<\/div>\n<\/div>\n<\/div>\n\n\n\n<div class=\"wp-block-columns alignfull are-vertically-aligned-center has-background is-layout-flex wp-container-core-columns-is-layout-470ff623 wp-block-columns-is-layout-flex\" style=\"background-color:#e4eee2;margin-top:0;margin-bottom:0;padding-right:var(--wp--preset--spacing--50);padding-left:var(--wp--preset--spacing--50)\">\n<div class=\"wp-block-column is-vertically-aligned-center has-background is-layout-flow wp-container-core-column-is-layout-22223934 wp-block-column-is-layout-flow\" style=\"background-color:#f4f3e7\">\n<figure class=\"wp-block-image aligncenter size-large\"><img loading=\"lazy\" decoding=\"async\" width=\"1024\" height=\"1024\" src=\"http:\/\/www.nuna.pe\/wp-content\/uploads\/2026\/04\/MG_5770-copia-1024x1024.png\" alt=\"\" class=\"wp-image-594\" srcset=\"https:\/\/www.nuna.pe\/wp-content\/uploads\/2026\/04\/MG_5770-copia-1024x1024.png 1024w, https:\/\/www.nuna.pe\/wp-content\/uploads\/2026\/04\/MG_5770-copia-300x300.png 300w, https:\/\/www.nuna.pe\/wp-content\/uploads\/2026\/04\/MG_5770-copia-150x150.png 150w, https:\/\/www.nuna.pe\/wp-content\/uploads\/2026\/04\/MG_5770-copia-768x768.png 768w, https:\/\/www.nuna.pe\/wp-content\/uploads\/2026\/04\/MG_5770-copia-1536x1536.png 1536w, https:\/\/www.nuna.pe\/wp-content\/uploads\/2026\/04\/MG_5770-copia.png 2048w\" sizes=\"auto, (max-width: 1024px) 100vw, 1024px\" \/><\/figure>\n\n\n\n<h3 class=\"wp-block-heading has-text-align-center\"><strong>Fusilli Lime\u00f1o<\/strong><\/h3>\n\n\n\n<p class=\"is-style-default\" style=\"margin-right:var(--wp--preset--spacing--20);margin-left:var(--wp--preset--spacing--20);font-size:clamp(14px, 0.875rem + ((1vw - 3.2px) * 0.098), 15px);\">Bowl: 250 cal<\/p>\n\n\n\n<p style=\"margin-right:var(--wp--preset--spacing--20);margin-left:var(--wp--preset--spacing--20);font-size:clamp(14px, 0.875rem + ((1vw - 3.2px) * 0.098), 15px);\">Dressing: 180 cal<\/p>\n<\/div>\n\n\n\n<div class=\"wp-block-column is-vertically-aligned-center has-background is-layout-flow wp-container-core-column-is-layout-22223934 wp-block-column-is-layout-flow\" style=\"background-color:#f4f3e7\">\n<figure class=\"wp-block-image aligncenter size-large\" style=\"margin-top:0\"><img loading=\"lazy\" decoding=\"async\" width=\"1024\" height=\"1024\" src=\"http:\/\/www.nuna.pe\/wp-content\/uploads\/2026\/04\/MG_5784-copia-1024x1024.png\" alt=\"\" class=\"wp-image-596\" srcset=\"https:\/\/www.nuna.pe\/wp-content\/uploads\/2026\/04\/MG_5784-copia-1024x1024.png 1024w, https:\/\/www.nuna.pe\/wp-content\/uploads\/2026\/04\/MG_5784-copia-300x300.png 300w, https:\/\/www.nuna.pe\/wp-content\/uploads\/2026\/04\/MG_5784-copia-150x150.png 150w, https:\/\/www.nuna.pe\/wp-content\/uploads\/2026\/04\/MG_5784-copia-768x768.png 768w, https:\/\/www.nuna.pe\/wp-content\/uploads\/2026\/04\/MG_5784-copia-1536x1536.png 1536w, https:\/\/www.nuna.pe\/wp-content\/uploads\/2026\/04\/MG_5784-copia.png 2048w\" sizes=\"auto, (max-width: 1024px) 100vw, 1024px\" \/><\/figure>\n\n\n\n<h3 class=\"wp-block-heading has-text-align-center\"><strong>BBQ Brabaza<\/strong><\/h3>\n\n\n\n<p style=\"margin-right:var(--wp--preset--spacing--20);margin-left:var(--wp--preset--spacing--20);font-size:clamp(14px, 0.875rem + ((1vw - 3.2px) * 0.098), 15px);\">Cal: 315<\/p>\n\n\n\n<p style=\"margin-right:var(--wp--preset--spacing--20);margin-left:var(--wp--preset--spacing--20);font-size:clamp(14px, 0.875rem + ((1vw - 3.2px) * 0.098), 15px);\">Cal ali\u00f1o: 210<\/p>\n<\/div>\n\n\n\n<div class=\"wp-block-column is-vertically-aligned-center has-background is-layout-flow wp-container-core-column-is-layout-22223934 wp-block-column-is-layout-flow\" style=\"background-color:#f4f3e7\">\n<figure class=\"wp-block-image size-large\"><img loading=\"lazy\" decoding=\"async\" width=\"1024\" height=\"1024\" src=\"http:\/\/www.nuna.pe\/wp-content\/uploads\/2026\/04\/MG_5942-copia-1024x1024.png\" alt=\"\" class=\"wp-image-597\" srcset=\"https:\/\/www.nuna.pe\/wp-content\/uploads\/2026\/04\/MG_5942-copia-1024x1024.png 1024w, https:\/\/www.nuna.pe\/wp-content\/uploads\/2026\/04\/MG_5942-copia-300x300.png 300w, https:\/\/www.nuna.pe\/wp-content\/uploads\/2026\/04\/MG_5942-copia-150x150.png 150w, https:\/\/www.nuna.pe\/wp-content\/uploads\/2026\/04\/MG_5942-copia-768x768.png 768w, https:\/\/www.nuna.pe\/wp-content\/uploads\/2026\/04\/MG_5942-copia-1536x1536.png 1536w, https:\/\/www.nuna.pe\/wp-content\/uploads\/2026\/04\/MG_5942-copia.png 2047w\" sizes=\"auto, (max-width: 1024px) 100vw, 1024px\" \/><\/figure>\n\n\n\n<h3 class=\"wp-block-heading has-text-align-center\"><strong>Pollo Crispy Andino<\/strong><\/h3>\n\n\n\n<p style=\"margin-right:var(--wp--preset--spacing--20);margin-left:var(--wp--preset--spacing--20);font-size:clamp(14px, 0.875rem + ((1vw - 3.2px) * 0.098), 15px);\">Cal: 410<\/p>\n\n\n\n<p style=\"margin-right:var(--wp--preset--spacing--20);margin-left:var(--wp--preset--spacing--20);font-size:clamp(14px, 0.875rem + ((1vw - 3.2px) * 0.098), 15px);\">Cal ali\u00f1o: 200<\/p>\n<\/div>\n\n\n\n<div class=\"wp-block-column is-vertically-aligned-center has-background is-layout-flow wp-container-core-column-is-layout-22223934 wp-block-column-is-layout-flow\" style=\"background-color:#f4f3e7\">\n<figure class=\"wp-block-image size-full\"><img loading=\"lazy\" decoding=\"async\" width=\"1024\" height=\"1025\" src=\"https:\/\/www.nuna.pe\/wp-content\/uploads\/2026\/04\/WhatsApp-Image-2026-04-17-at-12.31.43-PM.jpeg\" alt=\"\" class=\"wp-image-607\" srcset=\"https:\/\/www.nuna.pe\/wp-content\/uploads\/2026\/04\/WhatsApp-Image-2026-04-17-at-12.31.43-PM.jpeg 1024w, https:\/\/www.nuna.pe\/wp-content\/uploads\/2026\/04\/WhatsApp-Image-2026-04-17-at-12.31.43-PM-300x300.jpeg 300w, https:\/\/www.nuna.pe\/wp-content\/uploads\/2026\/04\/WhatsApp-Image-2026-04-17-at-12.31.43-PM-150x150.jpeg 150w, https:\/\/www.nuna.pe\/wp-content\/uploads\/2026\/04\/WhatsApp-Image-2026-04-17-at-12.31.43-PM-768x769.jpeg 768w\" sizes=\"auto, (max-width: 1024px) 100vw, 1024px\" \/><\/figure>\n\n\n\n<h3 class=\"wp-block-heading has-text-align-center\"><strong>Huancahina Beef<\/strong><\/h3>\n\n\n\n<p style=\"margin-right:var(--wp--preset--spacing--20);margin-left:var(--wp--preset--spacing--20);font-size:clamp(14px, 0.875rem + ((1vw - 3.2px) * 0.098), 15px);\">Cal: 280<\/p>\n\n\n\n<p style=\"margin-right:var(--wp--preset--spacing--20);margin-left:var(--wp--preset--spacing--20);font-size:clamp(14px, 0.875rem + ((1vw - 3.2px) * 0.098), 15px);\">Cal ali\u00f1o: 150<\/p>\n<\/div>\n<\/div>\n\n\n\n<div class=\"wp-block-group alignfull has-background has-global-padding is-layout-constrained wp-container-core-group-is-layout-82e4aa9c wp-block-group-is-layout-constrained\" style=\"background-color:#f3f3ec;min-height:0vh;margin-top:0;margin-bottom:0;padding-top:var(--wp--preset--spacing--50);padding-right:var(--wp--preset--spacing--40);padding-bottom:var(--wp--preset--spacing--50);padding-left:var(--wp--preset--spacing--40)\">\n<div class=\"wp-block-group has-global-padding is-layout-constrained wp-container-core-group-is-layout-621b1ee4 wp-block-group-is-layout-constrained\">\n<h5 class=\"wp-block-heading has-text-align-center\" style=\"margin-right:0;margin-left:0;padding-right:0;padding-left:0;font-size:clamp(1.146rem, 1.146rem + ((1vw - 0.2rem) * 1.026), 1.8rem);\">\u00bfListo para probar lo mejor de NUNA?<br><\/h5>\n\n\n\n<p class=\"has-text-align-center\" style=\"font-size:clamp(1.502rem, 1.502rem + ((1vw - 0.2rem) * 1.565), 2.5rem);\"><strong><em>Cont\u00e1ctanos y lleva frescura a tu d\u00eda<\/em><\/strong><\/p>\n\n\n\n<div class=\"wp-block-buttons is-horizontal is-content-justification-center is-layout-flex wp-container-core-buttons-is-layout-9ce7962a wp-block-buttons-is-layout-flex\" style=\"padding-top:var(--wp--preset--spacing--30);padding-bottom:var(--wp--preset--spacing--30)\">\n<div class=\"wp-block-button\"><a class=\"wp-block-button__link has-background wp-element-button\" href=\"https:\/\/www.nuna.pe\/?page_id=15\" style=\"border-radius:14px;background-color:#68d752\">CONTACTANOS<\/a><\/div>\n<\/div>\n<\/div>\n<\/div>\n\n\n\n<p class=\"has-base-background-color has-background\"><\/p>\n\n\n\n<p><\/p>\n","protected":false},"excerpt":{"rendered":"<p>Carta Fusilli Lime\u00f1o Bowl: 250 cal Dressing: 180 cal BBQ Brabaza Cal: 315 Cal ali\u00f1o: 210 Pollo Crispy Andino Cal: 410 Cal ali\u00f1o: 200 Huancahina Beef Cal: 280 Cal ali\u00f1o: 150 \u00bfListo para probar lo mejor de NUNA? Cont\u00e1ctanos y lleva frescura a tu d\u00eda<\/p>\n","protected":false},"author":1,"featured_media":0,"parent":0,"menu_order":1,"comment_status":"closed","ping_status":"closed","template":"","meta":{"_joinchat":[],"footnotes":""},"class_list":["post-12","page","type-page","status-publish","hentry"],"_links":{"self":[{"href":"https:\/\/www.nuna.pe\/index.php?rest_route=\/wp\/v2\/pages\/12","targetHints":{"allow":["GET"]}}],"collection":[{"href":"https:\/\/www.nuna.pe\/index.php?rest_route=\/wp\/v2\/pages"}],"about":[{"href":"https:\/\/www.nuna.pe\/index.php?rest_route=\/wp\/v2\/types\/page"}],"author":[{"embeddable":true,"href":"https:\/\/www.nuna.pe\/index.php?rest_route=\/wp\/v2\/users\/1"}],"replies":[{"embeddable":true,"href":"https:\/\/www.nuna.pe\/index.php?rest_route=%2Fwp%2Fv2%2Fcomments&post=12"}],"version-history":[{"count":83,"href":"https:\/\/www.nuna.pe\/index.php?rest_route=\/wp\/v2\/pages\/12\/revisions"}],"predecessor-version":[{"id":608,"href":"https:\/\/www.nuna.pe\/index.php?rest_route=\/wp\/v2\/pages\/12\/revisions\/608"}],"wp:attachment":[{"href":"https:\/\/www.nuna.pe\/index.php?rest_route=%2Fwp%2Fv2%2Fmedia&parent=12"}],"curies":[{"name":"wp","href":"https:\/\/api.w.org\/{rel}","templated":true}]}}