{"id":15,"date":"2025-11-20T21:27:23","date_gmt":"2025-11-21T02:27:23","guid":{"rendered":"http:\/\/www.nuna.pe\/?page_id=15"},"modified":"2025-11-25T18:41:50","modified_gmt":"2025-11-25T23:41:50","slug":"contacto","status":"publish","type":"page","link":"https:\/\/www.nuna.pe\/?page_id=15","title":{"rendered":"Contacto"},"content":{"rendered":"\n<div class=\"wp-block-columns alignfull is-layout-flex wp-container-core-columns-is-layout-f0342b05 wp-block-columns-is-layout-flex\" style=\"margin-top:0;margin-bottom:0\">\n<div class=\"wp-block-column has-background is-layout-flow wp-block-column-is-layout-flow\" style=\"background-color:#f1f1e8;padding-top:var(--wp--preset--spacing--30);padding-bottom:var(--wp--preset--spacing--30)\">\n<p class=\"has-text-align-center has-contrast-color has-text-color has-link-color wp-elements-2fd720d39cc220524e8a6dc239fbbd9e\" style=\"font-size:clamp(25.014px, 1.563rem + ((1vw - 3.2px) * 1.665), 42px);\"><strong><em>\u00bfEstas listo para conseguir tu Nuna?<\/em><\/strong><\/p>\n<\/div>\n<\/div>\n\n\n\n<div class=\"wp-block-columns alignfull has-background is-layout-flex wp-container-core-columns-is-layout-f0342b05 wp-block-columns-is-layout-flex\" style=\"background-color:#fbfaf3;margin-top:0;margin-bottom:0\">\n<div class=\"wp-block-column is-layout-flow wp-block-column-is-layout-flow\">\n<p><strong><em>Beneficios para el cliente<\/em><\/strong><\/p>\n\n\n\n<ul class=\"wp-block-list\">\n<li>Promueve el bienestar y alimentaci\u00f3n saludable entre su equipo o comunidad.<\/li>\n\n\n\n<li>Refuerza su imagen institucional como organizaci\u00f3n responsable y sostenible.<\/li>\n\n\n\n<li>Genera un impacto positivo en la comunidad mediante la reducci\u00f3n del desperdicio y donaciones de alimentos.<\/li>\n\n\n\n<li>Lo instalamos totalmente gratis<\/li>\n<\/ul>\n<\/div>\n\n\n\n<div class=\"wp-block-column is-vertically-aligned-center is-layout-flow wp-block-column-is-layout-flow\">\n<figure class=\"wp-block-image aligncenter size-large is-resized\"><img loading=\"lazy\" decoding=\"async\" width=\"1024\" height=\"683\" src=\"http:\/\/www.nuna.pe\/wp-content\/uploads\/2025\/11\/collage-del-concepto-de-experiencia-del-cliente-1-1024x683.jpg\" alt=\"\" class=\"wp-image-117\" style=\"width:355px;height:auto\" srcset=\"https:\/\/www.nuna.pe\/wp-content\/uploads\/2025\/11\/collage-del-concepto-de-experiencia-del-cliente-1-1024x683.jpg 1024w, https:\/\/www.nuna.pe\/wp-content\/uploads\/2025\/11\/collage-del-concepto-de-experiencia-del-cliente-1-300x200.jpg 300w, https:\/\/www.nuna.pe\/wp-content\/uploads\/2025\/11\/collage-del-concepto-de-experiencia-del-cliente-1-768x512.jpg 768w, https:\/\/www.nuna.pe\/wp-content\/uploads\/2025\/11\/collage-del-concepto-de-experiencia-del-cliente-1-1536x1024.jpg 1536w, https:\/\/www.nuna.pe\/wp-content\/uploads\/2025\/11\/collage-del-concepto-de-experiencia-del-cliente-1-2048x1365.jpg 2048w\" sizes=\"auto, (max-width: 1024px) 100vw, 1024px\" \/><\/figure>\n<\/div>\n<\/div>\n\n\n\n<div class=\"wp-block-columns alignfull has-background is-layout-flex wp-container-core-columns-is-layout-f0342b05 wp-block-columns-is-layout-flex\" style=\"background-color:#f3f3ec;margin-top:0;margin-bottom:0\">\n<div class=\"wp-block-column is-vertically-aligned-center is-layout-flow wp-block-column-is-layout-flow\">\n<figure class=\"wp-block-image aligncenter size-full is-resized\"><img loading=\"lazy\" decoding=\"async\" width=\"800\" height=\"533\" src=\"http:\/\/www.nuna.pe\/wp-content\/uploads\/2025\/11\/CANTALOUPE-TURBOAIR-HOTEL-110.webp\" alt=\"\" class=\"wp-image-51\" style=\"width:355px;height:auto\" srcset=\"https:\/\/www.nuna.pe\/wp-content\/uploads\/2025\/11\/CANTALOUPE-TURBOAIR-HOTEL-110.webp 800w, https:\/\/www.nuna.pe\/wp-content\/uploads\/2025\/11\/CANTALOUPE-TURBOAIR-HOTEL-110-300x200.webp 300w, https:\/\/www.nuna.pe\/wp-content\/uploads\/2025\/11\/CANTALOUPE-TURBOAIR-HOTEL-110-768x512.webp 768w\" sizes=\"auto, (max-width: 800px) 100vw, 800px\" \/><\/figure>\n<\/div>\n\n\n\n<div class=\"wp-block-column is-layout-flow wp-block-column-is-layout-flow\">\n<p><strong><em>Requisitos de espacio<\/em><\/strong><\/p>\n\n\n\n<ul class=\"wp-block-list\">\n<li>Ubicaci\u00f3n interior o semi-interior: idealmente en oficinas, corporativos, universidades, centros comerciales, cl\u00ednicas o centros empresariales con tr\u00e1nsito constante.<\/li>\n\n\n\n<li>Acceso el\u00e9ctrico: punto de corriente de 220V con toma tierra cercana (a menos de 1,5 m).<\/li>\n\n\n\n<li>Dimensiones m\u00ednimas: \u00e1rea libre de 1,2 m de ancho x 1 m de fondo x 2 m de alto, con espacio adicional para mantenimiento y ventilaci\u00f3n.<\/li>\n<\/ul>\n<\/div>\n<\/div>\n\n\n\n<div class=\"wp-block-columns alignfull has-background is-layout-flex wp-container-core-columns-is-layout-f0342b05 wp-block-columns-is-layout-flex\" style=\"background-color:#fbfaf3;margin-top:0;margin-bottom:0\">\n<div class=\"wp-block-column is-layout-flow wp-block-column-is-layout-flow\">\n<p><strong><em>Volumen y perfil publico<\/em><\/strong><\/p>\n\n\n\n<ul class=\"wp-block-list\">\n<li>Perfil del p\u00fablico: trabajadores, estudiantes o visitantes.<\/li>\n\n\n\n<li>Horario de uso: espacios activos durante el d\u00eda (oficinas, coworkings, cl\u00ednicas, universidades, etc.).<\/li>\n<\/ul>\n<\/div>\n\n\n\n<div class=\"wp-block-column is-vertically-aligned-center is-layout-flow wp-block-column-is-layout-flow\">\n<figure class=\"wp-block-image aligncenter size-full is-resized\"><img loading=\"lazy\" decoding=\"async\" width=\"284\" height=\"177\" src=\"http:\/\/www.nuna.pe\/wp-content\/uploads\/2025\/11\/images-2.jpg\" alt=\"\" class=\"wp-image-82\" style=\"width:355px;height:auto\"\/><\/figure>\n<\/div>\n<\/div>\n\n\n\n<div class=\"wp-block-columns alignfull has-background is-layout-flex wp-container-core-columns-is-layout-f0342b05 wp-block-columns-is-layout-flex\" style=\"background-color:#f3f3ec;margin-top:0;margin-bottom:0\">\n<div class=\"wp-block-column is-vertically-aligned-center is-layout-flow wp-block-column-is-layout-flow\">\n<figure class=\"wp-block-image aligncenter size-full is-resized\"><img loading=\"lazy\" decoding=\"async\" width=\"2560\" height=\"1707\" src=\"http:\/\/www.nuna.pe\/wp-content\/uploads\/2025\/11\/bola-de-comida-mundial-llena-o-rodeada-de-comida-para-el-dia-mundial-de-la-comida-1-scaled.jpg\" alt=\"\" class=\"wp-image-125\" style=\"width:355px;height:auto\" srcset=\"https:\/\/www.nuna.pe\/wp-content\/uploads\/2025\/11\/bola-de-comida-mundial-llena-o-rodeada-de-comida-para-el-dia-mundial-de-la-comida-1-scaled.jpg 2560w, https:\/\/www.nuna.pe\/wp-content\/uploads\/2025\/11\/bola-de-comida-mundial-llena-o-rodeada-de-comida-para-el-dia-mundial-de-la-comida-1-300x200.jpg 300w, https:\/\/www.nuna.pe\/wp-content\/uploads\/2025\/11\/bola-de-comida-mundial-llena-o-rodeada-de-comida-para-el-dia-mundial-de-la-comida-1-1024x683.jpg 1024w, https:\/\/www.nuna.pe\/wp-content\/uploads\/2025\/11\/bola-de-comida-mundial-llena-o-rodeada-de-comida-para-el-dia-mundial-de-la-comida-1-768x512.jpg 768w, https:\/\/www.nuna.pe\/wp-content\/uploads\/2025\/11\/bola-de-comida-mundial-llena-o-rodeada-de-comida-para-el-dia-mundial-de-la-comida-1-1536x1024.jpg 1536w, https:\/\/www.nuna.pe\/wp-content\/uploads\/2025\/11\/bola-de-comida-mundial-llena-o-rodeada-de-comida-para-el-dia-mundial-de-la-comida-1-2048x1365.jpg 2048w\" sizes=\"auto, (max-width: 2560px) 100vw, 2560px\" \/><\/figure>\n<\/div>\n\n\n\n<div class=\"wp-block-column is-layout-flow wp-block-column-is-layout-flow\">\n<p>Logistica y Operaci\u00f3n<\/p>\n\n\n\n<ul style=\"font-size:px\" class=\"wp-block-list\">\n<li>Reposici\u00f3n diaria: NUNA se encarga del abastecimiento y control de calidad cada d\u00eda.<\/li>\n\n\n\n<li>Recolecci\u00f3n y donaci\u00f3n: los productos no vendidos pero aptos para consumo son retirados y donados.<\/li>\n\n\n\n<li>Mantenimiento t\u00e9cnico: incluido dentro del servicio; el cliente no asume tareas operativas.<\/li>\n\n\n\n<li>Gesti\u00f3n de residuos: se promueve el reciclaje de envases y una gesti\u00f3n sostenible del espacio.<\/li>\n<\/ul>\n<\/div>\n<\/div>\n\n\n\n<div class=\"wp-block-columns alignfull has-medium-font-size is-layout-flex wp-container-core-columns-is-layout-f0342b05 wp-block-columns-is-layout-flex\" style=\"margin-top:0;margin-bottom:0\">\n<div class=\"wp-block-column has-background has-x-large-font-size is-layout-flow wp-block-column-is-layout-flow\" style=\"background-color:#f9f9d4;padding-top:var(--wp--preset--spacing--40);padding-bottom:var(--wp--preset--spacing--40)\">\n<p class=\"has-text-align-center has-contrast-color has-text-color has-link-color wp-elements-8a0098032f0248ce57d42700b8be679d\" style=\"font-size:clamp(18.959px, 1.185rem + ((1vw - 3.2px) * 1.082), 30px);\"><strong><em>Si crees que tu espacio merece algo m\u00e1s fresco, natural y humano, hablemos<\/em><\/strong><\/p>\n<\/div>\n<\/div>\n\n\n\n<div class=\"wp-block-columns is-layout-flex wp-container-core-columns-is-layout-f0342b05 wp-block-columns-is-layout-flex\" style=\"margin-top:0;margin-bottom:0\">\n<div class=\"wp-block-column is-layout-flow wp-block-column-is-layout-flow\"><\/div>\n<\/div>\n\n\n\n<p class=\"has-text-align-center\" style=\"font-size:clamp(21.536px, 1.346rem + ((1vw - 3.2px) * 1.32), 35px);\"><strong><em>Lleva NUNA a tu oficina y transforma cada pausa en bienestar<\/em><\/strong><\/p>\n\n\n\n<p><\/p>\n\n\n<style id=\"wpforms-css-vars-149-block-faa2bc93-dd0e-4a62-b580-e74ed6fdeb46\">\n\t\t\t\t#wpforms-149.wpforms-block-faa2bc93-dd0e-4a62-b580-e74ed6fdeb46 {\n\t\t\t\t--wpforms-field-background-color: #ededed;\n--wpforms-field-menu-color: #FFFFFF;\n--wpforms-field-size-input-height: 43px;\n--wpforms-field-size-input-spacing: 15px;\n--wpforms-field-size-font-size: 16px;\n--wpforms-field-size-line-height: 19px;\n--wpforms-field-size-padding-h: 14px;\n--wpforms-field-size-checkbox-size: 16px;\n--wpforms-field-size-sublabel-spacing: 5px;\n--wpforms-field-size-icon-size: 1;\n--wpforms-label-size-font-size: 16px;\n--wpforms-label-size-line-height: 19px;\n--wpforms-label-size-sublabel-font-size: 14px;\n--wpforms-label-size-sublabel-line-height: 17px;\n--wpforms-button-size-font-size: 17px;\n--wpforms-button-size-height: 41px;\n--wpforms-button-size-padding-h: 15px;\n--wpforms-button-size-margin-top: 10px;\n\t\t\t}\n\t\t\t<\/style><div class=\"wpforms-container wpforms-container-full wpforms-block wpforms-block-faa2bc93-dd0e-4a62-b580-e74ed6fdeb46 wpforms-render-modern\" id=\"wpforms-149\"><form id=\"wpforms-form-149\" class=\"wpforms-validate wpforms-form wpforms-ajax-form\" data-formid=\"149\" method=\"post\" enctype=\"multipart\/form-data\" action=\"\/index.php?rest_route=%2Fwp%2Fv2%2Fpages%2F15\" data-token=\"d92cadbffabf2c1ed096c68d762f299f\" data-token-time=\"1777021633\"><noscript class=\"wpforms-error-noscript\">Por favor, activa JavaScript en tu navegador para completar este formulario.<\/noscript><div id=\"wpforms-error-noscript\" style=\"display: none;\">Por favor, activa JavaScript en tu navegador para completar este formulario.<\/div><div class=\"wpforms-field-container\"><div id=\"wpforms-149-field_0-container\" class=\"wpforms-field wpforms-field-name\" data-field-id=\"0\"><fieldset><legend class=\"wpforms-field-label\">Tu nombre <span class=\"wpforms-required-label\" aria-hidden=\"true\">*<\/span><\/legend><div class=\"wpforms-field-row wpforms-field-medium\"><div class=\"wpforms-field-row-block wpforms-first wpforms-one-half\"><input type=\"text\" id=\"wpforms-149-field_0\" class=\"wpforms-field-name-first wpforms-field-required\" name=\"wpforms[fields][0][first]\" aria-errormessage=\"wpforms-149-field_0-error\" required><label for=\"wpforms-149-field_0\" class=\"wpforms-field-sublabel after\">Nombre<\/label><\/div><div class=\"wpforms-field-row-block wpforms-one-half\"><input type=\"text\" id=\"wpforms-149-field_0-last\" class=\"wpforms-field-name-last wpforms-field-required\" name=\"wpforms[fields][0][last]\" aria-errormessage=\"wpforms-149-field_0-last-error\" required><label for=\"wpforms-149-field_0-last\" class=\"wpforms-field-sublabel after\">Apellidos<\/label><\/div><\/div><\/fieldset><\/div><div id=\"wpforms-149-field_1-container\" class=\"wpforms-field wpforms-field-email\" data-field-id=\"1\"><label class=\"wpforms-field-label\" for=\"wpforms-149-field_1\">Tu correo <span class=\"wpforms-required-label\" aria-hidden=\"true\">*<\/span><\/label><input type=\"email\" id=\"wpforms-149-field_1\" class=\"wpforms-field-medium wpforms-field-required\" name=\"wpforms[fields][1]\" spellcheck=\"false\" aria-errormessage=\"wpforms-149-field_1-error\" aria-describedby=\"wpforms-149-field_1-description\" required><div id=\"wpforms-149-field_1-description\" class=\"wpforms-field-description\">Ingresa tu correo electr\u00f3nico<\/div><\/div><div id=\"wpforms-149-field_4-container\" class=\"wpforms-field wpforms-field-text\" data-field-id=\"4\"><label class=\"wpforms-field-label\" for=\"wpforms-149-field_4\">Tu celular <span class=\"wpforms-required-label\" aria-hidden=\"true\">*<\/span><\/label><input type=\"text\" id=\"wpforms-149-field_4\" class=\"wpforms-field-medium wpforms-field-required\" name=\"wpforms[fields][4]\" aria-errormessage=\"wpforms-149-field_4-error\" aria-describedby=\"wpforms-149-field_4-description\" required><div id=\"wpforms-149-field_4-description\" class=\"wpforms-field-description\">Ingresa tu celular de contacto<\/div><\/div>\t\t<div id=\"wpforms-149-field_2-container\"\n\t\t\tclass=\"wpforms-field wpforms-field-text\"\n\t\t\tdata-field-type=\"text\"\n\t\t\tdata-field-id=\"2\"\n\t\t\t>\n\t\t\t<label class=\"wpforms-field-label\" for=\"wpforms-149-field_2\" >Tu Tu correo<\/label>\n\t\t\t<input type=\"text\" id=\"wpforms-149-field_2\" class=\"wpforms-field-medium\" name=\"wpforms[fields][2]\" >\n\t\t<\/div>\n\t\t<div id=\"wpforms-149-field_5-container\" class=\"wpforms-field wpforms-field-name\" data-field-id=\"5\"><label class=\"wpforms-field-label\" for=\"wpforms-149-field_5\">Tu empresa <span class=\"wpforms-required-label\" aria-hidden=\"true\">*<\/span><\/label><input type=\"text\" id=\"wpforms-149-field_5\" class=\"wpforms-field-medium wpforms-field-required\" name=\"wpforms[fields][5]\" aria-errormessage=\"wpforms-149-field_5-error\" aria-describedby=\"wpforms-149-field_5-description\" required><div id=\"wpforms-149-field_5-description\" class=\"wpforms-field-description\">A que empresa representas<\/div><\/div><div id=\"wpforms-149-field_3-container\" class=\"wpforms-field wpforms-field-textarea\" data-field-id=\"3\"><label class=\"wpforms-field-label\" for=\"wpforms-149-field_3\">Dejanos tus comentarios<\/label><textarea id=\"wpforms-149-field_3\" class=\"wpforms-field-medium\" name=\"wpforms[fields][3]\" aria-errormessage=\"wpforms-149-field_3-error\" aria-describedby=\"wpforms-149-field_3-description\" ><\/textarea><div id=\"wpforms-149-field_3-description\" class=\"wpforms-field-description\">Te contactaremos a la brevedad<\/div><\/div><script>\n\t\t\t\t( function() {\n\t\t\t\t\tconst style = document.createElement( 'style' );\n\t\t\t\t\tstyle.appendChild( document.createTextNode( '#wpforms-149-field_2-container { position: absolute !important; overflow: hidden !important; display: inline !important; height: 1px !important; width: 1px !important; z-index: -1000 !important; padding: 0 !important; } #wpforms-149-field_2-container input { visibility: hidden; } #wpforms-conversational-form-page #wpforms-149-field_2-container label { counter-increment: none; }' ) );\n\t\t\t\t\tdocument.head.appendChild( style );\n\t\t\t\t\tdocument.currentScript?.remove();\n\t\t\t\t} )();\n\t\t\t<\/script><\/div><!-- .wpforms-field-container --><div class=\"wpforms-submit-container\" ><input type=\"hidden\" name=\"wpforms[id]\" value=\"149\"><input type=\"hidden\" name=\"page_title\" value=\"\"><input type=\"hidden\" name=\"page_url\" value=\"https:\/\/www.nuna.pe\/index.php?rest_route=\/wp\/v2\/pages\/15\"><input type=\"hidden\" name=\"url_referer\" value=\"\"><button type=\"submit\" name=\"wpforms[submit]\" id=\"wpforms-submit-149\" class=\"wpforms-submit\" data-alt-text=\"Enviando\" data-submit-text=\"Enviar\" aria-live=\"assertive\" value=\"wpforms-submit\">Enviar<\/button><img loading=\"lazy\" decoding=\"async\" src=\"https:\/\/www.nuna.pe\/wp-content\/plugins\/wpforms-lite\/assets\/images\/submit-spin.svg\" class=\"wpforms-submit-spinner\" style=\"display: none;\" width=\"26\" height=\"26\" alt=\"Cargando\"><\/div><\/form><\/div>  <!-- .wpforms-container -->","protected":false},"excerpt":{"rendered":"<p>\u00bfEstas listo para conseguir tu Nuna? Beneficios para el cliente Requisitos de espacio Volumen y perfil publico Logistica y Operaci\u00f3n Si crees que tu espacio merece algo m\u00e1s fresco, natural y humano, hablemos Lleva NUNA a tu oficina y transforma cada pausa en bienestar<\/p>\n","protected":false},"author":1,"featured_media":0,"parent":0,"menu_order":4,"comment_status":"open","ping_status":"closed","template":"","meta":{"_joinchat":[],"footnotes":""},"class_list":["post-15","page","type-page","status-publish","hentry"],"_links":{"self":[{"href":"https:\/\/www.nuna.pe\/index.php?rest_route=\/wp\/v2\/pages\/15","targetHints":{"allow":["GET"]}}],"collection":[{"href":"https:\/\/www.nuna.pe\/index.php?rest_route=\/wp\/v2\/pages"}],"about":[{"href":"https:\/\/www.nuna.pe\/index.php?rest_route=\/wp\/v2\/types\/page"}],"author":[{"embeddable":true,"href":"https:\/\/www.nuna.pe\/index.php?rest_route=\/wp\/v2\/users\/1"}],"replies":[{"embeddable":true,"href":"https:\/\/www.nuna.pe\/index.php?rest_route=%2Fwp%2Fv2%2Fcomments&post=15"}],"version-history":[{"count":35,"href":"https:\/\/www.nuna.pe\/index.php?rest_route=\/wp\/v2\/pages\/15\/revisions"}],"predecessor-version":[{"id":588,"href":"https:\/\/www.nuna.pe\/index.php?rest_route=\/wp\/v2\/pages\/15\/revisions\/588"}],"wp:attachment":[{"href":"https:\/\/www.nuna.pe\/index.php?rest_route=%2Fwp%2Fv2%2Fmedia&parent=15"}],"curies":[{"name":"wp","href":"https:\/\/api.w.org\/{rel}","templated":true}]}}